{"id":6657,"date":"2022-12-28T09:01:55","date_gmt":"2022-12-28T12:01:55","guid":{"rendered":"https:\/\/pulsecertificacaodigital.com.br\/novo\/?page_id=6657"},"modified":"2023-03-21T22:59:55","modified_gmt":"2023-03-22T01:59:55","slug":"contatos","status":"publish","type":"page","link":"https:\/\/pulsecertificacaodigital.com.br\/novo\/contatos\/","title":{"rendered":"contatos"},"content":{"rendered":"\t\t<div data-elementor-type=\"wp-page\" data-elementor-id=\"6657\" class=\"elementor elementor-6657\">\n\t\t\t\t\t\t<section class=\"elementor-section elementor-top-section elementor-element elementor-element-738adcee elementor-section-full_width elementor-section-height-default elementor-section-height-default\" data-id=\"738adcee\" data-element_type=\"section\" id=\"contatos\">\n\t\t\t\t\t\t<div class=\"elementor-container elementor-column-gap-default container pb-5 mb-lg-4 mb-xl-5\">\n\t\t\t\t\t<div class=\"elementor-column elementor-col-100 elementor-top-column elementor-element elementor-element-2053b774\" data-id=\"2053b774\" data-element_type=\"column\">\n\t\t\t<div class=\"p-0 elementor-widget-wrap elementor-element-populated\">\n\t\t\t\t\t\t<div class=\"elementor-element elementor-element-b1ab0b d-md-none mt-n2 mb-2 elementor-widget-divider--view-line elementor-widget elementor-widget-divider\" data-id=\"b1ab0b\" data-element_type=\"widget\" data-widget_type=\"divider.default\">\n\t\t\t\t<div class=\"elementor-widget-container\">\n\t\t\t\t\t<div class=\"elementor-divider\">\n\t\t\t<span class=\"elementor-divider-separator\">\n\t\t\t\t\t\t<\/span>\n\t\t<\/div>\n\t\t\t\t<\/div>\n\t\t\t\t<\/div>\n\t\t\t\t<div class=\"elementor-section elementor-inner-section elementor-element elementor-element-6d491fa elementor-section-full_width elementor-section-height-default elementor-section-height-default\" data-id=\"6d491fa\" data-element_type=\"section\">\n\t\t\t\t\t\t<div class=\"elementor-container elementor-column-gap-default row py-3 row-margin\">\n\t\t\t\t\t<div class=\"elementor-column elementor-col-50 elementor-inner-column elementor-element elementor-element-3d606260 col-md-4 pt-1 mb-4 mb-md-0\" data-id=\"3d606260\" data-element_type=\"column\">\n\t\t\t<div class=\"p-0 elementor-widget-wrap elementor-element-populated\">\n\t\t\t\t\t\t<div class=\"elementor-element elementor-element-2acff315 elementor-widget elementor-widget-highlighted-heading\" data-id=\"2acff315\" data-element_type=\"widget\" data-widget_type=\"highlighted-heading.default\">\n\t\t\t\t<div class=\"elementor-widget-container\">\n\t\t\t<h3 class=\"silicon-elementor-highlighted-heading__title pb-2 pb-md-3 pb-lg-4\"><span class=\"si-multipurpose-text__before\">Contatos<\/span><\/h3>\t\t<\/div>\n\t\t\t\t<\/div>\n\t\t\t\t<div class=\"elementor-element elementor-element-3382ca08 elementor-widget elementor-widget-highlighted-heading\" data-id=\"3382ca08\" data-element_type=\"widget\" data-widget_type=\"highlighted-heading.default\">\n\t\t\t\t<div class=\"elementor-widget-container\">\n\t\t\t<span class=\"silicon-elementor-highlighted-heading__title d-block fs-sm text-muted\"><span class=\"si-multipurpose-text__before\">Email<\/span><\/span>\t\t<\/div>\n\t\t\t\t<\/div>\n\t\t\t\t<div class=\"elementor-element elementor-element-1971307e  mb-lg-2 elementor-widget elementor-widget-highlighted-heading\" data-id=\"1971307e\" data-element_type=\"widget\" data-widget_type=\"highlighted-heading.default\">\n\t\t\t\t<div class=\"elementor-widget-container\">\n\t\t\t<span class=\"silicon-elementor-highlighted-heading__title\"><span class=\"si-multipurpose-text__before\">contato.pulsedigital@gmail.com<\/span><\/span>\t\t<\/div>\n\t\t\t\t<\/div>\n\t\t\t\t<div class=\"elementor-element elementor-element-7e95b2b1 elementor-widget elementor-widget-highlighted-heading\" data-id=\"7e95b2b1\" data-element_type=\"widget\" data-widget_type=\"highlighted-heading.default\">\n\t\t\t\t<div class=\"elementor-widget-container\">\n\t\t\t<span class=\"silicon-elementor-highlighted-heading__title d-block fs-sm text-muted\"><span class=\"si-multipurpose-text__before\">Telefones<\/span><\/span>\t\t<\/div>\n\t\t\t\t<\/div>\n\t\t\t\t<div class=\"elementor-element elementor-element-608b2579 mb-3 mb-lg-4 elementor-widget elementor-widget-highlighted-heading\" data-id=\"608b2579\" data-element_type=\"widget\" data-widget_type=\"highlighted-heading.default\">\n\t\t\t\t<div class=\"elementor-widget-container\">\n\t\t\t<span class=\"silicon-elementor-highlighted-heading__title\"><span class=\"si-multipurpose-text__before\">17 3364 7124<\/span><\/span>\t\t<\/div>\n\t\t\t\t<\/div>\n\t\t\t\t<div class=\"elementor-element elementor-element-74b443d2 elementor-widget elementor-widget-highlighted-heading\" data-id=\"74b443d2\" data-element_type=\"widget\" data-widget_type=\"highlighted-heading.default\">\n\t\t\t\t<div class=\"elementor-widget-container\">\n\t\t\t<span class=\"silicon-elementor-highlighted-heading__title d-block fs-sm text-muted\"><span class=\"si-multipurpose-text__before\">Endere\u00e7o<\/span><\/span>\t\t<\/div>\n\t\t\t\t<\/div>\n\t\t\t\t<div class=\"elementor-element elementor-element-77c7e17a elementor-widget elementor-widget-highlighted-heading\" data-id=\"77c7e17a\" data-element_type=\"widget\" data-widget_type=\"highlighted-heading.default\">\n\t\t\t\t<div class=\"elementor-widget-container\">\n\t\t\t<div class=\"silicon-elementor-highlighted-heading__title text-nav fs-lg fw-medium\"><span class=\"si-multipurpose-text__before\">endere\u00e7o: R. Celso Sp\u00ednola Castro, 460 - sala 3 - Jardim Morumbi<\/span><span class=\"si-multipurpose-text__before\"> <\/span><\/div>\t\t<\/div>\n\t\t\t\t<\/div>\n\t\t\t\t<div class=\"elementor-element elementor-element-26e9735c elementor-widget__width-auto elementor-widget elementor-widget-button\" data-id=\"26e9735c\" data-element_type=\"widget\" data-widget_type=\"button.button-silicon\">\n\t\t\t\t<div class=\"elementor-widget-container\">\n\t\t\t\t\t<a href=\"https:\/\/www.facebook.com\/SeguraCertificacaoDigital\/\" target=\"_blank\" class=\"silicon-button btn btn-outline-secondary btn-icon btn-facebook mb-3 me-3\" role=\"button\">\n\t\t\t<span class=\"elementor-button-content-wrapper\">\n\t\t\t\t\t\t<span class=\"elementor-button-icon lh-1 elementor-align-icon- order-first\">\n\t\t\t\t\t<i aria-hidden=\"true\" class=\"sn-button-icon  bx  bxl-facebook\"><\/i>\t\t\t\t<\/span>\n\t\t\t\t\t\t\t\t<\/span>\n\t\t\t\t<\/a>\n\t\t\t\t<\/div>\n\t\t\t\t<\/div>\n\t\t\t\t<div class=\"elementor-element elementor-element-35d28f9a elementor-widget__width-auto elementor-widget elementor-widget-button\" data-id=\"35d28f9a\" data-element_type=\"widget\" data-widget_type=\"button.button-silicon\">\n\t\t\t\t<div class=\"elementor-widget-container\">\n\t\t\t\t\t<a href=\"https:\/\/www.instagram.com\/SeguraCertificacaoDigital\/\" target=\"_blank\" class=\"silicon-button btn btn-outline-secondary btn-icon btn-linkedin mb-3 me-3\" role=\"button\">\n\t\t\t<span class=\"elementor-button-content-wrapper\">\n\t\t\t\t\t\t<span class=\"elementor-button-icon lh-1 elementor-align-icon- order-first\">\n\t\t\t\t\t<i aria-hidden=\"true\" class=\"sn-button-icon  fab fa-instagram\"><\/i>\t\t\t\t<\/span>\n\t\t\t\t\t\t\t\t<\/span>\n\t\t\t\t<\/a>\n\t\t\t\t<\/div>\n\t\t\t\t<\/div>\n\t\t\t\t<div class=\"elementor-element elementor-element-5b509a45 elementor-widget__width-auto elementor-widget elementor-widget-button\" data-id=\"5b509a45\" data-element_type=\"widget\" data-widget_type=\"button.button-silicon\">\n\t\t\t\t<div class=\"elementor-widget-container\">\n\t\t\t\t\t<a href=\"https:\/\/www.linkedin.com\/company\/segura-certificado-digital\/\" target=\"_blank\" class=\"silicon-button btn btn-outline-secondary btn-icon btn-linkedin mb-3 me-3\" role=\"button\">\n\t\t\t<span class=\"elementor-button-content-wrapper\">\n\t\t\t\t\t\t<span class=\"elementor-button-icon lh-1 elementor-align-icon- order-first\">\n\t\t\t\t\t<i aria-hidden=\"true\" class=\"sn-button-icon  fab fa-linkedin-in\"><\/i>\t\t\t\t<\/span>\n\t\t\t\t\t\t\t\t<\/span>\n\t\t\t\t<\/a>\n\t\t\t\t<\/div>\n\t\t\t\t<\/div>\n\t\t\t\t\t<\/div>\n\t\t<\/div>\n\t\t\t\t<div class=\"elementor-column elementor-col-50 elementor-inner-column elementor-element elementor-element-6b27e725 col-xl-7 col-md-8 offset-xl-1\" data-id=\"6b27e725\" data-element_type=\"column\">\n\t\t\t<div class=\"shadow-sm rounded-3 overflow-hidden p-0 elementor-widget-wrap elementor-element-populated\">\n\t\t\t\t\t\t<div class=\"elementor-element elementor-element-6783adfd elementor-widget elementor-widget-html\" data-id=\"6783adfd\" data-element_type=\"widget\" data-widget_type=\"html.default\">\n\t\t\t\t<div class=\"elementor-widget-container\">\n\t\t\t<div class=\"row\">\n              <div class=\"col-sm-6 mb-4\">\n                <label for=\"name\" class=\"form-label fs-base\">Nome<\/label>\n                <input type=\"text\" id=\"name\" class=\"form-control form-control-lg\" required=\"\">\n                <div class=\"invalid-feedback\">Por favor, preencha seu nome!<\/div>\n              <\/div>\n              <div class=\"col-sm-6 mb-4\">\n                <label for=\"email\" class=\"form-label fs-base\">E-mail<\/label>\n                <input type=\"email\" id=\"email\" class=\"form-control form-control-lg\" required=\"\">\n                <div class=\"invalid-feedback\">Por favor, forne\u00e7a um endere\u00e7o de e-mail v\u00e1lido!<\/div>\n              <\/div>\n              <div class=\"col-sm-6 mb-4\">\n                <label for=\"phone\" class=\"form-label fs-base\">Telefone<\/label>\n                <input type=\"text\" id=\"phone\" class=\"form-control form-control-lg\" data-format=\"custom\" data-delimiter=\"-\" data-blocks=\"2 3 4\" data-numeral=\"9\" placeholder=\"17 9 0000-0000\">\n              <\/div>\n              <div class=\"col-sm-6 mb-4\">\n                <label for=\"subject\" class=\"form-label fs-base\">Assunto<\/label>\n                <select id=\"subject\" class=\"form-select form-select-lg\" required=\"\">\n                  <option value=\"\" selected=\"\" disabled=\"\">Escolha o assunto<\/option>\n                  <option value=\"Suporte comercial\">Suporte comercial<\/option>\n                  <option value=\"Suporte tecnico\">Suporte<\/option>\n                <\/select>\n                <div class=\"invalid-feedback\">Por favor, escolha o assunto!<\/div>\n              <\/div>\n              <div class=\"col-12 mb-4\">\n                <label for=\"message\" class=\"form-label fs-base\">Mesagem<\/label>\n                <textarea id=\"message\" class=\"form-control form-control-lg\" rows=\"4\" required=\"\"><\/textarea>\n                <div class=\"invalid-feedback\">por favor escreva sua mensagem!<\/div>\n              <\/div>\n            <\/div><div class=\"form-check mb-4\">\n              <input type=\"checkbox\" id=\"terms\" class=\"form-check-input\" required=\"\">\n              <label for=\"terms\" class=\"form-check-label fs-base\">eu concordo com o <a href=\"#\">Termo &amp; Condi\u00e7\u00e3o<\/a><\/label>\n            <\/div><button type=\"submit\" class=\"btn btn-primary btn-lg shadow-primary\">Enviar Mensagem<\/button>\t\t<\/div>\n\t\t\t\t<\/div>\n\t\t\t\t\t<\/div>\n\t\t<\/div>\n\t\t\t\t\t<\/div>\n\t\t<\/div>\n\t\t\t\t<div class=\"elementor-element elementor-element-607abe15 elementor-widget elementor-widget-google_maps\" data-id=\"607abe15\" data-element_type=\"widget\" data-widget_type=\"google_maps.default\">\n\t\t\t\t<div class=\"elementor-widget-container\">\n\t\t\t\t\t<div class=\"elementor-custom-embed\">\n\t\t\t<iframe loading=\"lazy\"\n\t\t\t\t\tsrc=\"https:\/\/maps.google.com\/maps?q=endere%C3%A7o%3A%20R.%20Celso%20Sp%C3%ADnola%20Castro%2C%20460%2C%20sala%203%20-%20Jardim%20Morumbi&#038;t=m&#038;z=15&#038;output=embed&#038;iwloc=near\"\n\t\t\t\t\ttitle=\"endere\u00e7o: R. Celso Sp\u00ednola Castro, 460, sala 3 - Jardim Morumbi\"\n\t\t\t\t\taria-label=\"endere\u00e7o: R. Celso Sp\u00ednola Castro, 460, sala 3 - Jardim Morumbi\"\n\t\t\t><\/iframe>\n\t\t<\/div>\n\t\t\t\t<\/div>\n\t\t\t\t<\/div>\n\t\t\t\t\t<\/div>\n\t\t<\/div>\n\t\t\t\t\t<\/div>\n\t\t<\/section>\n\t\t\t\t<section class=\"elementor-section elementor-top-section elementor-element elementor-element-2736dd47 elementor-section-full_width elementor-section-content-middle footer  dark-mode pt-5 pb-4 pb-lg-5 elementor-section-height-default elementor-section-height-default\" data-id=\"2736dd47\" data-element_type=\"section\" data-settings=\"{&quot;background_background&quot;:&quot;classic&quot;}\">\n\t\t\t\t\t\t<div class=\"elementor-container elementor-column-gap-default\">\n\t\t\t\t\t<div class=\"elementor-column elementor-col-25 elementor-top-column elementor-element elementor-element-59d4c9a8\" data-id=\"59d4c9a8\" data-element_type=\"column\">\n\t\t\t<div class=\"elementor-widget-wrap elementor-element-populated\">\n\t\t\t\t\t\t<div class=\"elementor-element elementor-element-1ee38832 elementor-widget elementor-widget-image\" data-id=\"1ee38832\" data-element_type=\"widget\" data-widget_type=\"image.default\">\n\t\t\t\t<div class=\"elementor-widget-container\">\n\t\t\t\t\t\t\t\t\t\t\t\t\t<img decoding=\"async\" width=\"170\" height=\"50\" src=\"https:\/\/pulsecertificacaodigital.com.br\/novo\/wp-content\/uploads\/2023\/03\/Pulse-170x50-1.png\" class=\"attachment-full size-full wp-image-6722\" alt=\"\" \/>\t\t\t\t\t\t\t\t\t\t\t\t\t<\/div>\n\t\t\t\t<\/div>\n\t\t\t\t\t<\/div>\n\t\t<\/div>\n\t\t\t\t<div class=\"elementor-column elementor-col-25 elementor-top-column elementor-element elementor-element-3a31fa3d\" data-id=\"3a31fa3d\" data-element_type=\"column\">\n\t\t\t<div class=\"elementor-widget-wrap elementor-element-populated\">\n\t\t\t\t\t\t<div class=\"elementor-element elementor-element-1ab8658f elementor-widget__width-auto elementor-widget elementor-widget-button\" data-id=\"1ab8658f\" data-element_type=\"widget\" data-widget_type=\"button.button-silicon\">\n\t\t\t\t<div class=\"elementor-widget-container\">\n\t\t\t\t\t<a href=\"https:\/\/www.facebook.com\/SeguraCertificacaoDigital\/\" target=\"_blank\" class=\"silicon-button btn btn-secondary btn btn-icon btn-facebook mx-2\" role=\"button\">\n\t\t\t<span class=\"elementor-button-content-wrapper\">\n\t\t\t\t\t\t<span class=\"elementor-button-icon lh-1 elementor-align-icon- order-first\">\n\t\t\t\t\t<i aria-hidden=\"true\" class=\"sn-button-icon  bx  bxl-facebook\"><\/i>\t\t\t\t<\/span>\n\t\t\t\t\t\t\t\t<\/span>\n\t\t\t\t<\/a>\n\t\t\t\t<\/div>\n\t\t\t\t<\/div>\n\t\t\t\t<div class=\"elementor-element elementor-element-1af7f654 elementor-widget__width-auto elementor-widget elementor-widget-button\" data-id=\"1af7f654\" data-element_type=\"widget\" data-widget_type=\"button.button-silicon\">\n\t\t\t\t<div class=\"elementor-widget-container\">\n\t\t\t\t\t<a href=\"https:\/\/www.instagram.com\/SeguraCertificacaoDigital\/\" target=\"_blank\" class=\"silicon-button btn btn-secondary btn btn-icon btn-instagram mx-2\" role=\"button\">\n\t\t\t<span class=\"elementor-button-content-wrapper\">\n\t\t\t\t\t\t<span class=\"elementor-button-icon lh-1 elementor-align-icon- order-first\">\n\t\t\t\t\t<i aria-hidden=\"true\" class=\"sn-button-icon  bx  bxl-instagram\"><\/i>\t\t\t\t<\/span>\n\t\t\t\t\t\t\t\t<\/span>\n\t\t\t\t<\/a>\n\t\t\t\t<\/div>\n\t\t\t\t<\/div>\n\t\t\t\t<div class=\"elementor-element elementor-element-66afdfbb elementor-widget__width-auto elementor-widget elementor-widget-button\" data-id=\"66afdfbb\" data-element_type=\"widget\" data-widget_type=\"button.button-silicon\">\n\t\t\t\t<div class=\"elementor-widget-container\">\n\t\t\t\t\t<a href=\"https:\/\/www.linkedin.com\/company\/segura-certificado-digital\/\" target=\"_blank\" class=\"silicon-button btn btn-secondary btn btn-icon btn-twitter mx-2\" role=\"button\">\n\t\t\t<span class=\"elementor-button-content-wrapper\">\n\t\t\t\t\t\t<span class=\"elementor-button-icon lh-1 elementor-align-icon- order-first\">\n\t\t\t\t\t<i aria-hidden=\"true\" class=\"sn-button-icon  fab fa-linkedin\"><\/i>\t\t\t\t<\/span>\n\t\t\t\t\t\t\t\t<\/span>\n\t\t\t\t<\/a>\n\t\t\t\t<\/div>\n\t\t\t\t<\/div>\n\t\t\t\t\t<\/div>\n\t\t<\/div>\n\t\t\t\t<div class=\"elementor-column elementor-col-25 elementor-top-column elementor-element elementor-element-68d5d9c3\" data-id=\"68d5d9c3\" data-element_type=\"column\">\n\t\t\t<div class=\"elementor-widget-wrap elementor-element-populated\">\n\t\t\t\t\t\t<div class=\"elementor-element elementor-element-bd5d5fc elementor-widget elementor-widget-image\" data-id=\"bd5d5fc\" data-element_type=\"widget\" data-widget_type=\"image.default\">\n\t\t\t\t<div class=\"elementor-widget-container\">\n\t\t\t\t\t\t\t\t\t\t\t\t\t<img decoding=\"async\" width=\"75\" height=\"76\" src=\"https:\/\/pulsecertificacaodigital.com.br\/novo\/wp-content\/uploads\/2022\/12\/icpbrasil-removebg-preview.png\" class=\"attachment-full size-full wp-image-6622\" alt=\"\" \/>\t\t\t\t\t\t\t\t\t\t\t\t\t<\/div>\n\t\t\t\t<\/div>\n\t\t\t\t\t<\/div>\n\t\t<\/div>\n\t\t\t\t<div class=\"elementor-column elementor-col-25 elementor-top-column elementor-element elementor-element-7df40b8a\" data-id=\"7df40b8a\" data-element_type=\"column\">\n\t\t\t<div class=\"elementor-widget-wrap elementor-element-populated\">\n\t\t\t\t\t\t<div class=\"elementor-element elementor-element-1b88cee5 elementor-widget elementor-widget-image\" data-id=\"1b88cee5\" data-element_type=\"widget\" data-widget_type=\"image.default\">\n\t\t\t\t<div class=\"elementor-widget-container\">\n\t\t\t\t\t\t\t\t\t\t\t\t\t<img fetchpriority=\"high\" decoding=\"async\" width=\"349\" height=\"144\" src=\"https:\/\/pulsecertificacaodigital.com.br\/novo\/wp-content\/uploads\/2022\/12\/iti_logo-removebg-preview.png\" class=\"attachment-full size-full wp-image-6623\" alt=\"\" srcset=\"https:\/\/pulsecertificacaodigital.com.br\/novo\/wp-content\/uploads\/2022\/12\/iti_logo-removebg-preview.png 349w, https:\/\/pulsecertificacaodigital.com.br\/novo\/wp-content\/uploads\/2022\/12\/iti_logo-removebg-preview-300x124.png 300w\" sizes=\"(max-width: 349px) 100vw, 349px\" \/>\t\t\t\t\t\t\t\t\t\t\t\t\t<\/div>\n\t\t\t\t<\/div>\n\t\t\t\t\t<\/div>\n\t\t<\/div>\n\t\t\t\t\t<\/div>\n\t\t<\/section>\n\t\t\t\t<footer class=\"elementor-section elementor-top-section elementor-element elementor-element-c7e90e9 elementor-section-full_width dark-mode elementor-section-height-min-height elementor-section-height-default elementor-section-items-middle\" data-id=\"c7e90e9\" data-element_type=\"section\" data-settings=\"{&quot;background_background&quot;:&quot;classic&quot;}\">\n\t\t\t\t\t\t<div class=\"elementor-container elementor-column-gap-default container text-center\">\n\t\t\t\t\t<div class=\"elementor-column elementor-col-100 elementor-top-column elementor-element elementor-element-2b7dc115\" data-id=\"2b7dc115\" data-element_type=\"column\">\n\t\t\t<div class=\"p-0 elementor-widget-wrap elementor-element-populated\">\n\t\t\t\t\t\t<div class=\"elementor-section elementor-inner-section elementor-element elementor-element-30301d46 elementor-section-full_width elementor-section-height-default elementor-section-height-default\" data-id=\"30301d46\" data-element_type=\"section\">\n\t\t\t\t\t\t<div class=\"elementor-container elementor-column-gap-default\">\n\t\t\t\t\t<div class=\"elementor-column elementor-col-100 elementor-inner-column elementor-element elementor-element-82b11de\" data-id=\"82b11de\" data-element_type=\"column\">\n\t\t\t<div class=\"elementor-widget-wrap elementor-element-populated\">\n\t\t\t\t\t\t<div class=\"elementor-element elementor-element-78db50f7 elementor-widget elementor-widget-text-editor\" data-id=\"78db50f7\" data-element_type=\"widget\" data-widget_type=\"text-editor.default\">\n\t\t\t\t<div class=\"elementor-widget-container\">\n\t\t\t\t\t\t\t<p class=\"fs-sm text-center mb-0\"><span class=\"text-light opacity-60\">\u00a9 Todos os direitos reservados. <\/span><a class=\"nav-link d-inline-block p-0\" href=\"https:\/\/seguracertificacaodigital.com.br\/\" target=\"_blank\" rel=\"noopener\">Pulse certifica\u00e7\u00e3o digital<\/a><\/p>\t\t\t\t\t\t<\/div>\n\t\t\t\t<\/div>\n\t\t\t\t\t<\/div>\n\t\t<\/div>\n\t\t\t\t\t<\/div>\n\t\t<\/div>\n\t\t\t\t\t<\/div>\n\t\t<\/div>\n\t\t\t\t\t<\/div>\n\t\t<\/footer>\n\t\t\t\t<\/div>\n\t\t","protected":false},"excerpt":{"rendered":"<p>Contatos Email contato.pulsedigital@gmail.com Telefones 17 3364 7124 Endere\u00e7o endere\u00e7o: R. Celso Sp\u00ednola Castro, 460 &#8211; sala 3 &#8211; Jardim Morumbi Nome Por favor, preencha seu nome! E-mail Por favor, forne\u00e7a um endere\u00e7o de e-mail v\u00e1lido! Telefone Assunto Escolha o assuntoSuporte comercialSuporte Por favor, escolha o assunto! Mesagem por favor escreva sua mensagem! eu concordo com [&hellip;]<\/p>\n","protected":false},"author":1,"featured_media":0,"parent":0,"menu_order":0,"comment_status":"closed","ping_status":"closed","template":"elementor_header_footer","meta":{"_acf_changed":false,"footnotes":""},"class_list":["post-6657","page","type-page","status-publish","hentry"],"acf":[],"_links":{"self":[{"href":"https:\/\/pulsecertificacaodigital.com.br\/novo\/wp-json\/wp\/v2\/pages\/6657","targetHints":{"allow":["GET"]}}],"collection":[{"href":"https:\/\/pulsecertificacaodigital.com.br\/novo\/wp-json\/wp\/v2\/pages"}],"about":[{"href":"https:\/\/pulsecertificacaodigital.com.br\/novo\/wp-json\/wp\/v2\/types\/page"}],"author":[{"embeddable":true,"href":"https:\/\/pulsecertificacaodigital.com.br\/novo\/wp-json\/wp\/v2\/users\/1"}],"replies":[{"embeddable":true,"href":"https:\/\/pulsecertificacaodigital.com.br\/novo\/wp-json\/wp\/v2\/comments?post=6657"}],"version-history":[{"count":34,"href":"https:\/\/pulsecertificacaodigital.com.br\/novo\/wp-json\/wp\/v2\/pages\/6657\/revisions"}],"predecessor-version":[{"id":6775,"href":"https:\/\/pulsecertificacaodigital.com.br\/novo\/wp-json\/wp\/v2\/pages\/6657\/revisions\/6775"}],"wp:attachment":[{"href":"https:\/\/pulsecertificacaodigital.com.br\/novo\/wp-json\/wp\/v2\/media?parent=6657"}],"curies":[{"name":"wp","href":"https:\/\/api.w.org\/{rel}","templated":true}]}}