{"id":6670,"date":"2022-12-28T09:04:28","date_gmt":"2022-12-28T12:04:28","guid":{"rendered":"https:\/\/pulsecertificacaodigital.com.br\/novo\/?page_id=6670"},"modified":"2023-03-21T22:55:15","modified_gmt":"2023-03-22T01:55:15","slug":"quem-somos","status":"publish","type":"page","link":"https:\/\/pulsecertificacaodigital.com.br\/novo\/quem-somos\/","title":{"rendered":"Quem somos"},"content":{"rendered":"\t\t<div data-elementor-type=\"wp-page\" data-elementor-id=\"6670\" class=\"elementor elementor-6670\">\n\t\t\t\t\t\t<section class=\"elementor-section elementor-top-section elementor-element elementor-element-450a6174 elementor-section-full_width container py-5 my-1 my-md-4 my-lg-5 elementor-section-height-default elementor-section-height-default\" data-id=\"450a6174\" data-element_type=\"section\">\n\t\t\t\t\t\t<div class=\"elementor-container elementor-column-gap-default row row-margin\">\n\t\t\t\t\t<div class=\"elementor-column elementor-col-50 elementor-top-column elementor-element elementor-element-69aee0b1 col-lg-7 mb-4 mb-lg-0\" data-id=\"69aee0b1\" data-element_type=\"column\">\n\t\t\t<div class=\"p-0 elementor-widget-wrap elementor-element-populated\">\n\t\t\t\t\t\t<div class=\"elementor-element elementor-element-2034338a pe-lg-4 me-lg-3 pe-xl-0 me-xl-0 mb-0 elementor-widget elementor-widget-highlighted-heading\" data-id=\"2034338a\" data-element_type=\"widget\" data-widget_type=\"highlighted-heading.default\">\n\t\t\t\t<div class=\"elementor-widget-container\">\n\t\t\t<h2 class=\"silicon-elementor-highlighted-heading__title h1 mb-4\"><span class=\"si-multipurpose-text__before\">Quem somos<\/span><\/h2>\t\t<\/div>\n\t\t\t\t<\/div>\n\t\t\t\t<div class=\"elementor-element elementor-element-5c99a666 pe-lg-4 me-lg-3 pe-xl-0 me-xl-0 mb-0 elementor-widget elementor-widget-highlighted-heading\" data-id=\"5c99a666\" data-element_type=\"widget\" data-widget_type=\"highlighted-heading.default\">\n\t\t\t\t<div class=\"elementor-widget-container\">\n\t\t\t<p class=\"silicon-elementor-highlighted-heading__title fs-lg mb-0\"><span class=\"si-multipurpose-text__before\">A PULSE \u00e9 uma empresa que pertence ao ramo de Certifica\u00e7\u00e3o Digital, presente no mercado brasileiro desde 2017. Seu principal objetivo \u00e9 oferecer seguran\u00e7a nas transa\u00e7\u00f5es on-line \u00e0s empresas de todos os setores e portes, profissionais liberais e tamb\u00e9m pessoas f\u00edsicas.  Sua Matriz est\u00e1 localizada em S\u00e3o Jos\u00e9 do Rio Preto, no interior do estado de S\u00e3o Paulo, e conta com v\u00e1rias filiais em todas a regi\u00f5es do Brasil, para meu atender voc\u00ea amigo cliente.  \u00c0 Autoridade de Registro PULSE visa oferecer condi\u00e7\u00f5es diferenciadas aos seus parceiro indicador e pre\u00e7os mais justos aos seus clientes.  O maior comprometimento da PULSE \u00e9 garantir a seguran\u00e7a de seus parceiros e clientes, oferecendo um servi\u00e7o de excel\u00eancia e um atendimento \u00e1gil, para melhor atender a necessidade exigida em minimo de tempo poss\u00edvel.<\/span><\/p>\t\t<\/div>\n\t\t\t\t<\/div>\n\t\t\t\t\t<\/div>\n\t\t<\/div>\n\t\t\t\t<div class=\"elementor-column elementor-col-50 elementor-top-column elementor-element elementor-element-370475c5 col-lg-5\" data-id=\"370475c5\" data-element_type=\"column\">\n\t\t\t<div class=\"ps-lg-4 ms-lg-3 p-0 elementor-widget-wrap elementor-element-populated\">\n\t\t\t\t\t\t<div class=\"elementor-element elementor-element-4863646 elementor-widget elementor-widget-image\" data-id=\"4863646\" data-element_type=\"widget\" data-widget_type=\"image.default\">\n\t\t\t\t<div class=\"elementor-widget-container\">\n\t\t\t\t\t\t\t\t\t\t\t\t\t<img fetchpriority=\"high\" decoding=\"async\" width=\"1920\" height=\"1200\" src=\"https:\/\/pulsecertificacaodigital.com.br\/novo\/wp-content\/uploads\/2022\/02\/hero-bg.jpg\" class=\"attachment-full size-full wp-image-12\" alt=\"\" srcset=\"https:\/\/pulsecertificacaodigital.com.br\/novo\/wp-content\/uploads\/2022\/02\/hero-bg.jpg 1920w, https:\/\/pulsecertificacaodigital.com.br\/novo\/wp-content\/uploads\/2022\/02\/hero-bg-300x188.jpg 300w, https:\/\/pulsecertificacaodigital.com.br\/novo\/wp-content\/uploads\/2022\/02\/hero-bg-1024x640.jpg 1024w, https:\/\/pulsecertificacaodigital.com.br\/novo\/wp-content\/uploads\/2022\/02\/hero-bg-768x480.jpg 768w, https:\/\/pulsecertificacaodigital.com.br\/novo\/wp-content\/uploads\/2022\/02\/hero-bg-1536x960.jpg 1536w\" sizes=\"(max-width: 1920px) 100vw, 1920px\" \/>\t\t\t\t\t\t\t\t\t\t\t\t\t<\/div>\n\t\t\t\t<\/div>\n\t\t\t\t\t<\/div>\n\t\t<\/div>\n\t\t\t\t\t<\/div>\n\t\t<\/section>\n\t\t\t\t<section class=\"elementor-section elementor-top-section elementor-element elementor-element-58cde8c9 elementor-section-full_width elementor-section-content-middle footer  dark-mode pt-5 pb-4 pb-lg-5 elementor-section-height-default elementor-section-height-default\" data-id=\"58cde8c9\" data-element_type=\"section\" data-settings=\"{&quot;background_background&quot;:&quot;classic&quot;}\">\n\t\t\t\t\t\t<div class=\"elementor-container elementor-column-gap-default\">\n\t\t\t\t\t<div class=\"elementor-column elementor-col-25 elementor-top-column elementor-element elementor-element-61a97dbf\" data-id=\"61a97dbf\" data-element_type=\"column\">\n\t\t\t<div class=\"elementor-widget-wrap elementor-element-populated\">\n\t\t\t\t\t\t<div class=\"elementor-element elementor-element-1242f1cc elementor-widget elementor-widget-image\" data-id=\"1242f1cc\" data-element_type=\"widget\" data-widget_type=\"image.default\">\n\t\t\t\t<div class=\"elementor-widget-container\">\n\t\t\t\t\t\t\t\t\t\t\t\t\t<img decoding=\"async\" width=\"170\" height=\"50\" src=\"https:\/\/pulsecertificacaodigital.com.br\/novo\/wp-content\/uploads\/2023\/03\/Pulse-170x50-1.png\" class=\"attachment-full size-full wp-image-6722\" alt=\"\" \/>\t\t\t\t\t\t\t\t\t\t\t\t\t<\/div>\n\t\t\t\t<\/div>\n\t\t\t\t\t<\/div>\n\t\t<\/div>\n\t\t\t\t<div class=\"elementor-column elementor-col-25 elementor-top-column elementor-element elementor-element-10cd91f4\" data-id=\"10cd91f4\" data-element_type=\"column\">\n\t\t\t<div class=\"elementor-widget-wrap elementor-element-populated\">\n\t\t\t\t\t\t<div class=\"elementor-element elementor-element-147abd86 elementor-widget__width-auto elementor-widget elementor-widget-button\" data-id=\"147abd86\" data-element_type=\"widget\" data-widget_type=\"button.button-silicon\">\n\t\t\t\t<div class=\"elementor-widget-container\">\n\t\t\t\t\t<a href=\"https:\/\/www.facebook.com\/SeguraCertificacaoDigital\/\" target=\"_blank\" class=\"silicon-button btn btn-secondary btn btn-icon btn-facebook mx-2\" role=\"button\">\n\t\t\t<span class=\"elementor-button-content-wrapper\">\n\t\t\t\t\t\t<span class=\"elementor-button-icon lh-1 elementor-align-icon- order-first\">\n\t\t\t\t\t<i aria-hidden=\"true\" class=\"sn-button-icon  bx  bxl-facebook\"><\/i>\t\t\t\t<\/span>\n\t\t\t\t\t\t\t\t<\/span>\n\t\t\t\t<\/a>\n\t\t\t\t<\/div>\n\t\t\t\t<\/div>\n\t\t\t\t<div class=\"elementor-element elementor-element-421a3bc5 elementor-widget__width-auto elementor-widget elementor-widget-button\" data-id=\"421a3bc5\" data-element_type=\"widget\" data-widget_type=\"button.button-silicon\">\n\t\t\t\t<div class=\"elementor-widget-container\">\n\t\t\t\t\t<a href=\"https:\/\/www.instagram.com\/SeguraCertificacaoDigital\/\" target=\"_blank\" class=\"silicon-button btn btn-secondary btn btn-icon btn-instagram mx-2\" role=\"button\">\n\t\t\t<span class=\"elementor-button-content-wrapper\">\n\t\t\t\t\t\t<span class=\"elementor-button-icon lh-1 elementor-align-icon- order-first\">\n\t\t\t\t\t<i aria-hidden=\"true\" class=\"sn-button-icon  bx  bxl-instagram\"><\/i>\t\t\t\t<\/span>\n\t\t\t\t\t\t\t\t<\/span>\n\t\t\t\t<\/a>\n\t\t\t\t<\/div>\n\t\t\t\t<\/div>\n\t\t\t\t<div class=\"elementor-element elementor-element-2ee470d3 elementor-widget__width-auto elementor-widget elementor-widget-button\" data-id=\"2ee470d3\" data-element_type=\"widget\" data-widget_type=\"button.button-silicon\">\n\t\t\t\t<div class=\"elementor-widget-container\">\n\t\t\t\t\t<a href=\"https:\/\/www.linkedin.com\/company\/segura-certificado-digital\/\" target=\"_blank\" class=\"silicon-button btn btn-secondary btn btn-icon btn-twitter mx-2\" role=\"button\">\n\t\t\t<span class=\"elementor-button-content-wrapper\">\n\t\t\t\t\t\t<span class=\"elementor-button-icon lh-1 elementor-align-icon- order-first\">\n\t\t\t\t\t<i aria-hidden=\"true\" class=\"sn-button-icon  fab fa-linkedin\"><\/i>\t\t\t\t<\/span>\n\t\t\t\t\t\t\t\t<\/span>\n\t\t\t\t<\/a>\n\t\t\t\t<\/div>\n\t\t\t\t<\/div>\n\t\t\t\t\t<\/div>\n\t\t<\/div>\n\t\t\t\t<div class=\"elementor-column elementor-col-25 elementor-top-column elementor-element elementor-element-1af6aa6c\" data-id=\"1af6aa6c\" data-element_type=\"column\">\n\t\t\t<div class=\"elementor-widget-wrap elementor-element-populated\">\n\t\t\t\t\t\t<div class=\"elementor-element elementor-element-52431fde elementor-widget elementor-widget-image\" data-id=\"52431fde\" data-element_type=\"widget\" data-widget_type=\"image.default\">\n\t\t\t\t<div class=\"elementor-widget-container\">\n\t\t\t\t\t\t\t\t\t\t\t\t\t<img decoding=\"async\" width=\"75\" height=\"76\" src=\"https:\/\/pulsecertificacaodigital.com.br\/novo\/wp-content\/uploads\/2022\/12\/icpbrasil-removebg-preview.png\" class=\"attachment-full size-full wp-image-6622\" alt=\"\" \/>\t\t\t\t\t\t\t\t\t\t\t\t\t<\/div>\n\t\t\t\t<\/div>\n\t\t\t\t\t<\/div>\n\t\t<\/div>\n\t\t\t\t<div class=\"elementor-column elementor-col-25 elementor-top-column elementor-element elementor-element-32770201\" data-id=\"32770201\" data-element_type=\"column\">\n\t\t\t<div class=\"elementor-widget-wrap elementor-element-populated\">\n\t\t\t\t\t\t<div class=\"elementor-element elementor-element-787d80ac elementor-widget elementor-widget-image\" data-id=\"787d80ac\" data-element_type=\"widget\" data-widget_type=\"image.default\">\n\t\t\t\t<div class=\"elementor-widget-container\">\n\t\t\t\t\t\t\t\t\t\t\t\t\t<img loading=\"lazy\" decoding=\"async\" width=\"349\" height=\"144\" src=\"https:\/\/pulsecertificacaodigital.com.br\/novo\/wp-content\/uploads\/2022\/12\/iti_logo-removebg-preview.png\" class=\"attachment-full size-full wp-image-6623\" alt=\"\" srcset=\"https:\/\/pulsecertificacaodigital.com.br\/novo\/wp-content\/uploads\/2022\/12\/iti_logo-removebg-preview.png 349w, https:\/\/pulsecertificacaodigital.com.br\/novo\/wp-content\/uploads\/2022\/12\/iti_logo-removebg-preview-300x124.png 300w\" sizes=\"(max-width: 349px) 100vw, 349px\" \/>\t\t\t\t\t\t\t\t\t\t\t\t\t<\/div>\n\t\t\t\t<\/div>\n\t\t\t\t\t<\/div>\n\t\t<\/div>\n\t\t\t\t\t<\/div>\n\t\t<\/section>\n\t\t\t\t<footer class=\"elementor-section elementor-top-section elementor-element elementor-element-108973f9 elementor-section-full_width dark-mode elementor-section-height-min-height elementor-section-height-default elementor-section-items-middle\" data-id=\"108973f9\" data-element_type=\"section\" data-settings=\"{&quot;background_background&quot;:&quot;classic&quot;}\">\n\t\t\t\t\t\t<div class=\"elementor-container elementor-column-gap-default container text-center\">\n\t\t\t\t\t<div class=\"elementor-column elementor-col-100 elementor-top-column elementor-element elementor-element-2d37bdd2\" data-id=\"2d37bdd2\" data-element_type=\"column\">\n\t\t\t<div class=\"p-0 elementor-widget-wrap elementor-element-populated\">\n\t\t\t\t\t\t<div class=\"elementor-section elementor-inner-section elementor-element elementor-element-133cb0f0 elementor-section-full_width elementor-section-height-default elementor-section-height-default\" data-id=\"133cb0f0\" data-element_type=\"section\">\n\t\t\t\t\t\t<div class=\"elementor-container elementor-column-gap-default\">\n\t\t\t\t\t<div class=\"elementor-column elementor-col-100 elementor-inner-column elementor-element elementor-element-4687114d\" data-id=\"4687114d\" data-element_type=\"column\">\n\t\t\t<div class=\"elementor-widget-wrap elementor-element-populated\">\n\t\t\t\t\t\t<div class=\"elementor-element elementor-element-67a85bff elementor-widget elementor-widget-text-editor\" data-id=\"67a85bff\" data-element_type=\"widget\" data-widget_type=\"text-editor.default\">\n\t\t\t\t<div class=\"elementor-widget-container\">\n\t\t\t\t\t\t\t<p class=\"fs-sm text-center mb-0\"><span class=\"text-light opacity-60\">\u00a9 Todos os direitos reservados. <\/span><a class=\"nav-link d-inline-block p-0\" href=\"https:\/\/seguracertificacaodigital.com.br\/\" target=\"_blank\" rel=\"noopener\">Pulse certifica\u00e7\u00e3o digital<\/a><\/p>\t\t\t\t\t\t<\/div>\n\t\t\t\t<\/div>\n\t\t\t\t\t<\/div>\n\t\t<\/div>\n\t\t\t\t\t<\/div>\n\t\t<\/div>\n\t\t\t\t\t<\/div>\n\t\t<\/div>\n\t\t\t\t\t<\/div>\n\t\t<\/footer>\n\t\t\t\t<\/div>\n\t\t","protected":false},"excerpt":{"rendered":"<p>Quem somos A PULSE \u00e9 uma empresa que pertence ao ramo de Certifica\u00e7\u00e3o Digital, presente no mercado brasileiro desde 2017. Seu principal objetivo \u00e9 oferecer seguran\u00e7a nas transa\u00e7\u00f5es on-line \u00e0s empresas de todos os setores e portes, profissionais liberais e tamb\u00e9m pessoas f\u00edsicas. Sua Matriz est\u00e1 localizada em S\u00e3o Jos\u00e9 do Rio Preto, no interior [&hellip;]<\/p>\n","protected":false},"author":1,"featured_media":0,"parent":0,"menu_order":0,"comment_status":"closed","ping_status":"closed","template":"elementor_header_footer","meta":{"_acf_changed":false,"footnotes":""},"class_list":["post-6670","page","type-page","status-publish","hentry"],"acf":[],"_links":{"self":[{"href":"https:\/\/pulsecertificacaodigital.com.br\/novo\/wp-json\/wp\/v2\/pages\/6670","targetHints":{"allow":["GET"]}}],"collection":[{"href":"https:\/\/pulsecertificacaodigital.com.br\/novo\/wp-json\/wp\/v2\/pages"}],"about":[{"href":"https:\/\/pulsecertificacaodigital.com.br\/novo\/wp-json\/wp\/v2\/types\/page"}],"author":[{"embeddable":true,"href":"https:\/\/pulsecertificacaodigital.com.br\/novo\/wp-json\/wp\/v2\/users\/1"}],"replies":[{"embeddable":true,"href":"https:\/\/pulsecertificacaodigital.com.br\/novo\/wp-json\/wp\/v2\/comments?post=6670"}],"version-history":[{"count":31,"href":"https:\/\/pulsecertificacaodigital.com.br\/novo\/wp-json\/wp\/v2\/pages\/6670\/revisions"}],"predecessor-version":[{"id":6761,"href":"https:\/\/pulsecertificacaodigital.com.br\/novo\/wp-json\/wp\/v2\/pages\/6670\/revisions\/6761"}],"wp:attachment":[{"href":"https:\/\/pulsecertificacaodigital.com.br\/novo\/wp-json\/wp\/v2\/media?parent=6670"}],"curies":[{"name":"wp","href":"https:\/\/api.w.org\/{rel}","templated":true}]}}